{"id":7760,"date":"2023-03-16T15:55:40","date_gmt":"2023-03-16T15:55:40","guid":{"rendered":"https:\/\/www.tetesfed.org\/?page_id=7760"},"modified":"2023-11-28T10:00:44","modified_gmt":"2023-11-28T10:00:44","slug":"federasyona-bagli-odalar","status":"publish","type":"page","link":"https:\/\/www.tetesfed.org\/index.php\/federasyona-bagli-odalar\/","title":{"rendered":"Federasyona Ba\u011fl\u0131 Odalar"},"content":{"rendered":"\t\t<div data-elementor-type=\"wp-page\" data-elementor-id=\"7760\" class=\"elementor elementor-7760\">\n\t\t\t\t\t\t\t\t\t<section class=\"elementor-section elementor-top-section elementor-element elementor-element-47f27149 elementor-section-boxed elementor-section-height-default elementor-section-height-default\" data-id=\"47f27149\" data-element_type=\"section\">\n\t\t\t\t\t\t<div class=\"elementor-container elementor-column-gap-default\">\n\t\t\t\t\t<div class=\"elementor-column elementor-col-100 elementor-top-column elementor-element elementor-element-a54d2a0\" data-id=\"a54d2a0\" data-element_type=\"column\">\n\t\t\t<div class=\"elementor-widget-wrap elementor-element-populated\">\n\t\t\t\t\t\t\t\t<div class=\"elementor-element elementor-element-173cd2a elementor-widget elementor-widget-text-editor\" data-id=\"173cd2a\" data-element_type=\"widget\" data-widget_type=\"text-editor.default\">\n\t\t\t\t<div class=\"elementor-widget-container\">\n\t\t\t<style>\/*! elementor - v3.18.0 - 20-12-2023 *\/\n.elementor-widget-text-editor.elementor-drop-cap-view-stacked .elementor-drop-cap{background-color:#69727d;color:#fff}.elementor-widget-text-editor.elementor-drop-cap-view-framed .elementor-drop-cap{color:#69727d;border:3px solid;background-color:transparent}.elementor-widget-text-editor:not(.elementor-drop-cap-view-default) .elementor-drop-cap{margin-top:8px}.elementor-widget-text-editor:not(.elementor-drop-cap-view-default) .elementor-drop-cap-letter{width:1em;height:1em}.elementor-widget-text-editor .elementor-drop-cap{float:left;text-align:center;line-height:1;font-size:50px}.elementor-widget-text-editor .elementor-drop-cap-letter{display:inline-block}<\/style>\t\t\t\t<p>A D A N A<\/p><p>1- Elektrik Teknisyenleri Esnaf ve Sanat.Odas\u0131 Mehmet Selim G\u00d6K<\/p><p>Oda : 0322 453 76 21 (22-23)<\/p><p>Adres : Kurtulu\u015f Mahal. 64007 Sk. No:4 Seyhan<\/p><p>2- Tv ve Elektro.Cihaz.B.sayar \u0130leti\u015fim Ara\u00e7.Tamir.ve Malz. Sefa BARI\u015e<\/p><p>Esnaf ve Sanat.Odas\u0131<\/p><p>Oda : 0322 365 04 29<\/p><p>Adres : Kocavezir Mahal. Esnaf Birli\u011fi E\u011fitim Saray\u0131 Kat:3 No:8 Seyhan<\/p><p>3- Oto Elektrik ve Ak\u00fcc\u00fcler Esnaf Odas\u0131 \u0130brahim URASLI<\/p><p>Oda : 0322 365 05 03<\/p><p>Adres : Kocavezir Mah.32066.Sk.AESOB E\u011fitim ve Hiz.Binas\u0131 K:6 D:13-14 Seyhan<\/p><p>4- CEYHAN Elektrik Teknis.ve Oto Elektrik.Esn.ve Sanat.Odas\u0131 U\u011fur \u00d6ZDEM\u0130R<\/p><p>Oda : 0322 613 35 26<\/p><p>Adres : Konako\u011flu Mahal. K\u0131z\u0131lay Cad. Esnaf Kefalet Koop. Pasaj\u0131 K:2 No:10<\/p><p>5- KOZAN Elektrik.Elektronik.ve Benzerleri Esnaf ve Sanat.Odas\u0131 Hakan SA\u011eMEN<\/p><p>Oda : 0322 515 88 26<\/p><p>Adres : T.Pa\u015fa Mahal. \u015e\u0131h Efendi Bulvar\u0131 No:58\/4<\/p><p>A F Y O N K A R A H \u0130 S A R<\/p><p>1- Elektrik\u00e7iler ve Elektronik\u00e7iler Esnaf ve Sanat.Odas\u0131 Mehmet KARAG\u00d6Z<\/p><p>Oda : 0272 214 16 20<\/p><p>Adres : Marulcu Mah. Kurtulu\u015f Cad. No:41 K:1 D:1<\/p><p>A M A S Y A<\/p><p>1- Elektrik.ve Elektronik. \u0130n\u015faat.ve Benzeri Esnaf Ve Sanat.Odas\u0131 Adem \u00d6KSEL<\/p><p>Oda : 0358 212 00 80<\/p><p>Adres : Kirazl\u0131 Dere Mah. Kemal Il\u0131cak Cad. No:6<\/p><p>A N K A R A<\/p><p>1- Elektrik Elektronik Teknisyenleri ve Esnaf Odas\u0131 Yusuf ASLANT\u00dcRK<\/p><p>Oda : 0312 310 81 46 \u2013 324 11 26<\/p><p>Adres : Anafartalar Cad. Konya Sok. \u00d6merzade Elektronik\u00e7iler \u00c7ar\u015f\u0131s\u0131 No:3\/89<\/p><p>Kat:6 Ulus<\/p><p>2- Klimac\u0131lar-Buzdolap. ve Tamircileri Esnaf ve Sanat.Odas\u0131 Necdet \u00c7ERKE\u015eL\u0130<\/p><p>Oda : 0312 311 40 08<\/p><p>Adres : Anafartalar Cad. Konya Sk. Kat:2 No:18 Ulus<\/p><p>3- Elektronik Malzeme Sat\u0131c\u0131lar\u0131-Radyo-Tv-Video Necati KOYUNCU<\/p><p>M\u00fczik Aletleri Telsiz Telefon Esnaf Ve Sanatkarlar Odas\u0131<\/p><p>Oda : 0312 311 84 00<\/p><p>Adres : Kale Mah. I\u015f\u0131klar Cad. No:6\/14 Ulus<\/p><p>4- POLATLI Elektrik-Elektronik Tek.Esnaf ve Sant.Odas\u0131 Levent KUR\u015eUN<\/p><p>Oda : 0312 622 36 85<\/p><p>Adres : Ankara Cad. K.Kavuk\u00e7uo\u011flu \u0130\u015fhan\u0131 No:28\/211<\/p><p>A N T A L Y A<\/p><p>1- Elektrik\u00e7iler Esnaf ve Sanat.Odas\u0131 Yusuf ERDEM\u0130R<\/p><p>Oda : 0242 312 95 40 \u2013 312 95 41<\/p><p>Adres : \u00c7ayba\u015f\u0131 Mah. 1357 Sk. No:8\/1 Muratpa\u015fa<\/p><p>2- Elektro.Radyo ve Tv Tam.ve Malzeme Sat\u0131c\u0131.Esnaf ve Sanat.Odas\u0131 Metin S\u00dcNG\u00dc<\/p><p>Oda : 0242 244 32 78<\/p><p>Adres : Alt\u0131nda\u011f Mahal. 150.Sok. Alt\u0131nc\u0131 \u00d6zen Apt. No:6\/1<\/p><p>3- ALANYA Elektrik.Elektronik.ve S\u0131hhi Tesisat. Esnaf Odas\u0131 \u0130lyas BAYIR<\/p><p>Oda : 0242 512 25 51<\/p><p>Adres : Kad\u0131pa\u015fa Mahal. Develiler Sok. No:4\/1<\/p><p>4- KORKUTEL\u0130 \u0130n\u015faat.Elektrik.S\u0131hhi Tesisat. Ve Do\u011frama. \u00dcnal ERSAN<\/p><p>Esnaf ve Sanat.Odas\u0131<\/p><p>Oda : 0242 643 07 87<\/p><p>Adres : Kiremitli Mahal. Antalya Cad. No:13\/10<\/p><p>A Y D I N<\/p><p>1- Elektrik.Elektronik.ve Foto\u011fraf.Esnaf ve Sanat. Odas\u0131 Muhsin \u0130nce<\/p><p>Oda : 0256 231 07 72<\/p><p>Adres : Ata Mah. Denizli Bulvar\u0131 K:1 No:82 Efeler<\/p><p>2-S\u00d6KE Elek.Elektro.Saat.ve Benzerleri Esnaf ve Sanat.Odas\u0131 G\u00fcng\u00f6r G\u00dcM\u00dc\u015e<\/p><p>Oda : 0256 518 09 32<\/p><p>Adres : Kemal Pa\u015fa Mah. Atalay Sok. Mehmet Ali Akkar Hizmet Binas\u0131 No:20\/13<\/p><p>3- NAZ\u0130LL\u0130 Saat Radyo Tamir.Elektronik.ve Foto\u011fraf\u00e7\u0131lar _ __ Mehmet AKYOL<\/p><p>Esnaf ve Sanat.Odas\u0131<br \/>Oda : 0256 315 01 57<br \/>Adres : Zafer Mahal. 152.Sok. No:31\/A<\/p><p>B A L I K E S \u0130 R<br \/>1- Elektronik ve Elektrik Teknisyenleri Esnaf ve Sanat.Odas\u0131 _ Nejdet ARSLAN<\/p><p>Oda : 0266 244 75 74<\/p><p>Adres : HasanBaba \u00c7ar\u015f\u0131s\u0131 Kat:3 No:421<\/p><p>2- BANDIRMA Elektrik\u00e7iler ve Elektronik\u00e7iler Esnaf ve Sanat.Odas\u0131 Ey\u00fcp \u0130L<\/p><p>Oda : 0266 713 33 62<\/p><p>Adres : 17 Eyl\u00fcl Mah. Hal Cad. No:6\/34<\/p><p>B O L U<\/p><p>1- Elektrik\u00e7iler ve \u0130n\u015faat Sanatkarlar\u0131 Esnaf Odas\u0131 Mustafa YAMAN<\/p><p>Oda : 0374 213 18 86<\/p><p>Adres : B\u00fcy\u00fck Cami Mahal. Parti Sok. Bolu \u0130\u015f Han\u0131 No:5 K:3\/28<br \/>B U R D U R<br \/>1- Elektrik ve Elektronik Teknisyen.S\u0131hhi Tesisat.Ve Tam._ Hakan B\u00dcY\u00dcKTOPBA\u015e<\/p><p>Esnaf ve Sanat.Odas\u0131<\/p><p>Oda : 0546 248 88 15<\/p><p>Adres : Pazar Mahal. Gazi Cad. (Esnaf Saray\u0131) No:74\/6<\/p><p>B U R S A<br \/>1- Elektrik Teknisyenleri Esnaf ve Sanat.Odas\u0131 _Burhan D\u0130LMENLER<\/p><p>Oda : 0224 250 31 84 \u2013 251 15 15<\/p><p>Adres : \u00c7ar\u015famba Pazar\u0131 Uslu Sok. S\u00f6nmez Alp Apt. No:14<\/p><p>2- Elektronik\u00e7iler Esnaf ve Sanat.Odas\u0131 Erkan KIRCALI<\/p><p>Oda : 0224 224 40 45<\/p><p>Adres : Demirta\u015fpa\u015fa Mah. \u0130n\u00f6n\u00fc Cad. Yuvam \u0130\u015fhan\u0131 No:113\u00a0 K:2 \/ 201-208\u00a0 \u00a0 Osmangazi-BURSA<\/p><p>3- So\u011futucu Bobinaj Elektrikli Ev Aletleri Yap\u0131mc\u0131 ve Onar\u0131mc\u0131. Recep Hakan Z\u0130YA<\/p><p>Esnaf ve Sanat.Odas\u0131<\/p><p>Oda : 0224 361 88 07<\/p><p>Adres : Anadolu Mah. Kader Sok. No:Bila Esnaf Saray\u0131 Zemin Kat D:2 Y\u0131ld\u0131r\u0131m<\/p><p>4-\u0130NEG\u00d6L Elektrik\u00e7iler ve Benzerleri Esnaf ve Sanat.Odas\u0131 Fatih A\u015eKIN<\/p><p>Oda : 0224 715 24 38<\/p><p>Adres : \u0130neg\u00f6l Esnaf Hizmet Binas\u0131 Kemal Pa\u015fa Mah. Mutlu Sk.No:15\/2<\/p><p>\u00a0<\/p><p>\u00c7 A N A K K A L E<br \/>1- Elektrik ve Elektronik\u00e7iler Esnaf ve Sanat.Odas\u0131 Muzaffer B\u0130LG\u0130\u00c7<\/p><p>Oda : 0286 218 10 90<\/p><p>Adres : Barbaros Mahal. Troya Cad. \u00d6zg\u00fcne\u015f Sitesi C Blok D:4<\/p><p>\u00c7 O R U M<\/p><p>1- Elektrik ve Su Tesisat Esnaf ve Sanat.Odas\u0131 Erol BOZKURT<\/p><p>Oda : 0364 225 05 31<\/p><p>Adres : \u00c7epni Mahal. \u00c7elik-8 Sk. No:2\/1<\/p><p>D E N \u0130 Z L \u0130<br \/>1- Elektrik\u00e7iler Esnaf ve Sanat.Odas\u0131 Hasan \u00c7ET\u0130N<\/p><p>Oda : 0258 264 76 61<\/p><p>Adres : S\u0131rakap\u0131lar Mah. Ye\u015filk\u00f6y Cad. No:70 Merkezefendi<\/p><p>2- Elektronik\u00e7iler Esnaf ve Sanat.Odas\u0131 Osman \u00d6ZDA\u011e<\/p><p>Oda : 0258 262 38 05<\/p><p>Adres : Saraylar Mahal. 420.Sok. D\u00f6rt \u00c7e\u015fme Mevkii Kocayaka \u0130\u015f Han\u0131 Kat:4 No:98<\/p><p>Merkezefendi<\/p><p>D \u0130 Y A R B A K I R<br \/>1- Elektrik.-Elektronik. ve Bobinajc\u0131lar Esnaf ve Sanat.Odas\u0131 Tar\u0131k \u0130NCE<\/p><p>Oda : 0412 251 19 90<\/p><p>Adres : Ba\u011fc\u0131lar Mahal. Amid Cad. DESOB Hizmet Binas\u0131 K:2 No:21<\/p><p>E L A Z I \u011e<br \/>1- Elektrik\u00e7iler Esnaf ve Sanat.Odas\u0131 Cengiz GED\u0130K<\/p><p>Oda : 0424 233 13 21<\/p><p>Adres : S\u00fcrs\u00fcr\u00fc Mah. Ye\u015fil Sk. A Blok K:3\u00a0 \u00a0ELAZI\u011e<\/p><p>2- Elektronik.Saat.ve Foto\u011fraf.ve Sanatkarlar Esnaf Odas\u0131 Mehmet HAVABULUT<\/p><p>Oda : 0533 0233103<\/p><p>Adres : \u00c7ar\u015f\u0131 Mah. Sakarya Cad. No:52\/2<\/p><p>E R Z \u0130 N C A N<br \/>1- Elektrik\u00e7iler ve Elektronik\u00e7iler Esnaf ve Sanat.Odas\u0131 Oral SARIO\u011eLU<\/p><p>Oda : 0446 223 94 86<\/p><p>Adres : Nerim Tombul Cad. Esnaf Odalar\u0131 Birli\u011fi K:2<\/p><p>E R Z U R U M<br \/>1- Elektrik Teknisyenleri Esnaf ve Sanat.Odas\u0131 _ Raci \u00c7AVU\u015eO\u011eLU<\/p><p>Oda : 0442 233 82 53<\/p><p>Adres : \u00d6mer Nasuhi Bilmen Mah. Kombina Cad. Esnaf Saray\u0131 K:6 No:21 Yakutiye<\/p><p>2- Elektronik\u00e7iler Esnaf ve Sanat.Odas\u0131 Necmettin S\u00d6\u011e\u00dcTL\u00dc<\/p><p>Oda : 0442 233 84 33<\/p><p>Adres : \u00d6mer Nasuhi Bilmen Mah. Kombina Cad. Esnaf Saray\u0131 No:1 Yakutiye<\/p><p>E S K \u0130 \u015e E H \u0130 R<br \/>1- Elektrik\u00e7iler Esnaf ve Sanat.Odas\u0131 Ahmet Nam\u0131k AKDO\u011eAN<\/p><p>Oda : 0222 231 67 83 \u2013 230 24 52<\/p><p>Adres : \u0130stiklal Mahal. \u015eair Fuzuli Cad. No:36\/8 K:5<\/p><p>2-Radyo ve Elektronik Teknisyenleri Esnaf ve Sanat.Odas\u0131 \u00c7etin TANCISOY<\/p><p>Oda : 0222 221 84 47<\/p><p>Adres : Ak Camii Mah. Malhatun Sk. No:14\/1<\/p><p>G A Z \u0130 A N T E P<br \/>1- Elektrik\u00e7iler Esnaf ve Sanat.Odas\u0131 Mehmet \u00d6ZPOLAT<\/p><p>Oda : 0342 231 75 49<\/p><p>Adres : Karag\u00f6z Mahal. Karanfil Sok. \u00d6nder \u0130\u015f Han\u0131 Kat:1 No:122 \u015eahinbey<\/p><p>2- Elektronik\u00e7iler Esnaf ve Sanat.Odas\u0131 Cafer NAHIRCI<\/p><p>Oda : 0342 2327911<\/p><p>Adres : \u0130ncilip\u0131nar Mah. 36013 Nolu Cad. Tahtac\u0131 \u0130\u015f Merkezi K:5 No:16 \u015eehitkamil<\/p><p>3- N\u0130Z\u0130P Elektrik\u00e7iler ve Benzerleri Esnaf ve Sanat.Odas\u0131 S\u00fcleyman \u00c7ET\u0130N<\/p><p>Oda : 0342 517 28 41<\/p><p>Adres : Cumhuriyet Mahal. Ya\u015far Sk. No:28<\/p><p>H A T A Y<br \/>1- Elektrik Tesisat\u00e7\u0131lar\u0131 Esnaf ve Sanat.Odas\u0131 Vahip SULTANO\u011eLU<\/p><p>Oda : 0326 213 01 66<\/p><p>Adres : Belediye \u00c7ar\u015f\u0131s\u0131 C 2 Blok Kat:1 No:20<br \/>2-Elektronik Cihaz Tamir.Esnaf ve Sanat.Odas\u0131 _____________ Adnan TA\u015e\u00c7IO\u011eLU<\/p><p>Oda : 0326 213 09 12-215 20 11<\/p><p>Adres :Kanatl\u0131 Cad. Duran Apt. No:162\/B<\/p><p>3- \u0130SKENDERUN Radyo ve Elektrik Teknis.Esnaf ve Sanat.Odas\u0131 Ali \u00d6ZB\u0130LEN<\/p><p>Oda : 0543 6145412<br \/>Adres :Kurtulu\u015f Mah. \u015eehit Polis Murat Kaya Cad.\u00a0B\u00fcy\u00fck \u00c7ar\u015f\u0131 \u0130\u015fhan\u0131 Esnaf Odalar\u0131 Konteyner Alan\u0131\u00a0 No:7\u00a0 \u00a0\u0130skenderun-HATAY<\/p><p>4- KIRIKHAN Elektrik\u00e7i ve Bobinajc\u0131lar Esnaf ve Sanat.Odas\u0131 Halit UYAR<\/p><p>Oda : 0326 345 41 41<\/p><p>Adres : Kurtulu\u015f Mah. Sara\u00e7o\u011flu Sk. No:3\/A<\/p><p>I S P A R T A<br \/>1- Elektrik\u00e7iler ve Bobinajc\u0131lar Esnaf ve Sanat.Odas\u0131 Abdullah KAYA<\/p><p>Oda : 0246 232 23 45<br \/>Adres : Pirimehmet Mah. Miralay Nuri Bey \u0130\u015f Han\u0131 Kat:3 No:103<\/p><p>\u0130 S T A N B U L<br \/>1- Elektrik Teknisyenleri Esnaf ve Sanat.Odas\u0131 Haluk BOZAL\u0130<\/p><p>Oda : 444 4 968<\/p><p>Adres : Kocatepe Mah. \u015eehit Muhtar Cad. No:18 K:3 Taksim<br \/>2- Radyo Pikap Teyp ve Tv Tamircileri Esnaf ve Sanat.Odas\u0131 Mesut TOKAY<\/p><p>Oda : 0212 632 86 62 (63)<\/p><p>Adres : Aksaray Mahal. Recep Yaz\u0131c\u0131o\u011flu Sk. No:12\/A Fatih<\/p><p>\u0130 Z M \u0130 R<\/p><p>1- Elektrik Teknisyenleri Esnaf ve Sanat.Odas\u0131 Cumhur \u015eENCANBAZ<\/p><p>Oda : 0232 425 33 45- 484 86 62<\/p><p>Adres : 1363.Sok. Simsaro\u011flu \u0130\u015f Merkezi Kat:4 No:2\/16 \u00c7ankaya<\/p><p>2- Elektronik\u00e7iler Esnaf ve Sanat.Odas\u0131 ________ Ali \u00dcST\u00dcN<\/p><p>Oda : 0232 484 81 64<\/p><p>Adres : \u0130smet Kaptan Mah. Gazi Bulvar\u0131 No:90\/604 Konak<\/p><p>K A H R A M A N M A R A \u015e<\/p><p>1- Elektrik\u00e7iler Bobinajc\u0131lar Sanatkarlar\u0131 Esnaf Odas\u0131 Bilal G\u00dcNG\u00d6R<\/p><p>Oda : 0344 231 28 68<\/p><p>Adres : Menderes Mahal. Veysel Karani Cad. 18.Sk. KESOB Binas\u0131 Kat:4<\/p><p>K A R S<br \/>1- Radyo Tv Elektrik\u00e7iler Esnaf ve Sanat.Odas\u0131 Oru\u00e7 TEK\u00c7\u0130LER<\/p><p>Oda : 0474 212 42 24<\/p><p>Adres : Yusuf Pa\u015fa Mah. K.Kaz\u0131mbey Cad. Havuz Sk. No:6<\/p><p>K A S T A M O N U<\/p><p>1-Elektrik Ve Elektronik Teknisyenleri Esnaf ve Sanat.Odas\u0131 Y\u00fccel YILMAZ<\/p><p>Oda : 0366 212 57 34<\/p><p>Adres : Honsalar Mahal. Kalekap\u0131s\u0131 Sok. No:5\/2<\/p><p>K A Y S E R \u0130<br \/>1- Elektrik Ve Elektronik\u00e7iler Esnaf ve Sanat.Odas\u0131 Mehmet ALAN<\/p><p>Oda : 0352 222 60 20<\/p><p>Adres : Hunat Mh. NuhNaciYazgan Cd. Hukuk\u00e7ular \u0130\u015f Mrkz K:4 No:13\/14 Melikgazi<\/p><p>K I R K L A R E L \u0130<br \/>1- \u0130n\u015faat Sanatkarlar\u0131 Elektrik\u00e7iler ve Elektronik\u00e7iler Ergun SEL\u00c7UK<\/p><p>Esnaf ve Sanat.Odas\u0131<\/p><p>Oda : 0288 212 16 19<\/p><p>Adres : Karaka\u015f Mah. Fevzi \u00c7akmak Bulvar\u0131 Aral Pasaj\u0131 Kat:2 No:16\/215<br \/>2- L\u00dcLEBURGAZ Elektrik Elektronik ve Yap\u0131 Sanatlar\u0131 Y\u0131lmaz \u00d6ZELT\u0130N<\/p><p>Esnaf Odas\u0131<br \/>Oda : 0288 417 91 37<br \/>Adres : \u00d6zerler Mahal. Hasan A\u011fa \u00c7e\u015fme Sk. No:2 D<\/p><p>K I R \u015e E H \u0130 R<br \/>1- Elektrik Teknisyenleri Esnaf ve Sanat.Odas\u0131 Sait KAMALI<\/p><p>Oda : 0386 213 26 63<\/p><p>Adres : Medrese Mahal. 93.Sok. No:14\/1<\/p><p>K O C A E L \u0130<br \/>1- Elektrik Teknisyenleri Esnaf ve Sanat.Odas\u0131 \u0130rfan CALAP<br \/>Oda : 0262 325 03 69<br \/>Adres : Kad\u0131k\u00f6y Mah. Ba\u011fdat Cad. No:59 Zemin\/9\u00a0 \u00a0\u0130zmit-KOCAEL\u0130\u00a0<\/p><p>2- Elektronik\u00e7iler Esnaf ve Sanat.Odas\u0131 \u015eaban KILI\u00c7<\/p><p>Oda : 0262 323 27 84<\/p><p>Adres : K\u00f6rfez Mahal. Birlik \u0130\u015f Han\u0131 No:117\/A \u0130zmit<\/p><p>K O N Y A<br \/>1- Elektrik\u00e7iler Esnaf ve Sanat.Odas\u0131 Arif YE\u015e\u0130LDA\u015e<\/p><p>Oda : 0332 236 28 76<\/p><p>Adres : Ni\u015fanta\u015f Mah. Metehan Cad. Esnaf Saray\u0131 No:4\/405 Sel\u00e7uklu<\/p><p>2- Televizyon ve Radyo Tamir.Bilgisayar.G\u00fcvenlik Sistem.ve Kadir ER\u00d6LMEZ<\/p><p>T\u00fcketici Elektronik.Esn.Sanat.Odas\u0131<\/p><p>Oda : 0332 350 35 40<\/p><p>Adres : \u015eemsi Tebrizi Mahal. Lefkeli Sok. \u0130stanbul \u0130\u015f Han\u0131 Kat:3 No:5\/305 Karatay<\/p><p>K \u00dc T A H Y A<br \/>1- Elektrik ve Elektronik Teknisyenleri Esnaf Odas\u0131 Recep KAYA<\/p><p>Oda : 0274 212 43 24<\/p><p>Adres : Servi Mah. G\u00fclta\u015f \u0130\u015f Han\u0131 Kat:2 No:95<\/p><p>2-TAV\u015eANLI Elektrik Elektronik ve Saat.Esnaf ve Sant.Odas\u0131 Ahmet Bilal \u00c7IRAK<\/p><p>Oda : 0274 600 01 86<br \/>Adres : Durak Mah. Etiler Cad. No:1\/1<\/p><p>M A L A T Y A<br \/>1- Elektrik\u00e7iler Esnaf ve Sanat.Odas\u0131 \u0130brahim Halil \u0130\u00c7EN<\/p><p>Oda : 0422 326 50 18<\/p><p>Adres : \u0130zzetiye Mah. \u015eehit Servet Akta\u015f Cad.Esnaf Saray\u0131 Kat:4 No:20 Battalgazi<\/p><p>M A N \u0130 S A<br \/>1- Elektrik Teknisyenleri Esnaf ve Sanat.Odas\u0131 ______ R\u0131fk\u0131 TA\u015eKINCAN<\/p><p>Oda : 0236 231 09 24<br \/>Adres : Yarhasanlar Mah. 2319 Sk. No:12 A Blok K:11 D:36 \u015eehzadeler<\/p><p>2- Elektronik Teknisyenleri Esnaf ve Sanat.Odas\u0131 ____ Mehmet \u00dcZEN<\/p><p>Oda : 0236 239 30 80<br \/>Adres : Yarhasanlar Mh. 2319 Sk. No:12 A Blok K:15 D:47 \u015eehzadeler<\/p><p>3- AKH\u0130SAR Elktrik.Elktro.Motor.ve Saat.Esnaf ve Sanat.Odas\u0131 _ \u00dcZEY\u0130R ASLAN<\/p><p>Oda : 0236 412 42 42<\/p><p>Adres : Pa\u015fa Mah. 125 Sk. Ahmet Kayal\u0131 \u0130\u015f Han\u0131 Kat:3 No:312<\/p><p>4- SAL\u0130HL\u0130 Elektrik ve Radyo Teknisyen.Esnaf ve Sanat.Odas\u0131 Bahad\u0131r \u00c7EL\u0130KKOL<\/p><p>Oda : 0236 713 37 08<\/p><p>Adres : Mithatpa\u015fa Mah. Mithatpa\u015fa Cad. Akif \u015eahin \u0130\u015f Han\u0131 No:102\/203<\/p><p>5- TURGUTLU Elektrik\u00e7iler Esnaf ve Sanat.Odas\u0131 __ Sabri TOKER<\/p><p>Oda : 0236 314 42 22<\/p><p>Adres : Turan Mahal.Atat\u00fcrk Bulvar\u0131 No:108<\/p><p>MERS\u0130N<\/p><p>1- Elektrik Bobinaj ve Benzerleri Teknis.Esnaf Ve Sanat.Odas\u0131 H\u00fcseyin YALIN<\/p><p>Oda : 0324 336 52 52<\/p><p>Adres : Mahmudiye Mahal. K.Milliye Cad. 4817 Sok. K:1 No:7<\/p><p>2- Elektronik\u00e7iler Esnaf ve Sanat.Odas\u0131 Talat D\u0130N\u00c7ER<\/p><p>Oda : 0324 238 66 61<\/p><p>Adres : Cami \u015eerif Mh.5238.Sk. K:1 No:16<\/p><p>3- TARSUS Elektrik Teknisyenleri Esnaf ve Sanat.Odas\u0131 \u015e.Mahsun KARATA\u015e<\/p><p>Oda : 0324 624 34 17<\/p><p>Adres : \u015eehit Cengiz Topel Cad. Yaram\u0131\u015f Pasaj\u0131 Kat:3 No:22\/305<\/p><p>M U \u011e L A<\/p><p>1-Oto Tamirciler Kaportac\u0131lar Elektrik Bobinaj Tv Tamircileri<\/p><p>Ve Benzerleri Esnaf ve Sanat.Odas\u0131 Sel\u00e7uk ARSLAN<\/p><p>Oda : 0252 214 03 13<\/p><p>Adres : Orhaniye Mah. 157 Sk. No:34\/1 Mente\u015fe<\/p><p>N E V \u015e E H \u0130 R<br \/>1- Elektrik-Elektronik Ve Benzerleri Esnaf ve Sanat.Odas\u0131 Mustafa G\u00d6K<\/p><p>Oda : 0384 213 88 93<\/p><p>Adres : Eski Sanayi Meydan\u0131 Borsa Kav\u015fa\u011f\u0131 Odalar Birli\u011fi Binas\u0131 K:1 No:60<\/p><p>N \u0130 \u011e D E<\/p><p>1- Elektrik\u00e7iler Foto\u011fraf\u00e7\u0131lar Radyo ve Televizyon Tamircileri \u00dcmit Y\u00d6R\u00dcKO\u011eLU<\/p><p>Esnaf ve Sanat.Odas\u0131<\/p><p>Oda : 0388 232 79 19<\/p><p>Adres : \u015eahin Ali Mah. Terminal 2 Sk. Murat Zeren Hizmet ve E\u011fitim Binas\u0131 K:3<br \/>O R D U<br \/>1- Elektrik\u00e7iler ve S\u0131hhi Tesisat\u00e7\u0131lar Esnaf ve Sanat.Odas\u0131 Mahmut KARA<\/p><p>Oda : 0452 233 93 91<\/p><p>Adres : \u015eirinevler Mahal. Atat\u00fcrk Bulvar\u0131 No:330 Alt\u0131nordu<\/p><p>R \u0130 Z E<br \/>1- Elektrik Elektronik ve Benzerleri Esnaf ve Sanat.Odas\u0131 G\u00fcven AKSOY<\/p><p>Oda : 0464 213 10 67<br \/>Adres : Tophane Mah. Paland\u00f6ken Cad. Dervi\u015f G\u00fcnday E\u011fitim Saray\u0131 Kat:3<\/p><p>S A K A R Y A<br \/>1- Elektrik\u00e7iler Esnaf ve Sanat.Odas\u0131 \u0130brahim \u00d6NER<\/p><p>Oda : 0264 277 63 90<\/p><p>Adres : \u00c7ark Cad. Kundak\u00e7\u0131o\u011flu \u0130\u015f Han\u0131 Kat:2 No:91-92-93-94<\/p><p>S A M S U N<br \/>1- Elektrik ve Elektronik Teknis.Esnaf ve Sanat.Od. Murat YILMAZ<\/p><p>Oda : 0362 233 40 80<\/p><p>Adres : Selahiye Mahal. 100.Y\u0131l Bulvar\u0131 53\u2019ler Apt. C Blok No:42 K:1 D:2<\/p><p>2- BAFRA Elektrik.ve Elektronik.Esnaf ve Sanat.Odas\u0131 B\u00fclent KULAKSIZ<\/p><p>Oda : 0362 542 82 87<\/p><p>Adres : Hac\u0131 Nabi Mah. Hac\u0131 Ahmet Sk. Yap\u0131ta\u015f \u0130\u015fhan\u0131 No:4 K:3<\/p><p>S \u0130 V A S<br \/>1- Elektrik\u00e7iler Esnaf ve Sanat.Odas\u0131 Sadi AYTAK<\/p><p>Oda : 0346 221 14 11<\/p><p>Adres : Mehmet Akif Ersoy Mahal. 38 Sk. No:14<\/p><p>\u015e A N L I U R F A<br \/>1- Elektrik\u00e7iler ve Radyo Teknisyenleri Esnaf ve Sanat.Odas\u0131 _Necmettin SA\u011eLAM<\/p><p>Oda : 0414 312 18 88<\/p><p>Adres : Kamberiye Mah. Zafer Cad.[Rezidans] Kat:7 No:24 Haliliye<\/p><p>T E K \u0130 R D A \u011e<br \/>1- Elektrik\u00e7iler ve Elektronik\u00e7iler Esnaf ve Sanat.Odas\u0131 M\u00fcmin DANI\u015eMAN<\/p><p>Oda : 0282 261 92 09<\/p><p>Adres : Aydo\u011fdu Mahal. Muratl\u0131 Cad. \u00d6zadal\u0131 \u0130\u015fmrkz No:9 K:3 D:6<\/p><p>T O K A T<br \/>1- Elektrik Elektronik ve Benzeri Esnaf Sanatkarlar Odas\u0131 Burak ALO\u011eLU<\/p><p>Oda : 0356 212 86 48<\/p><p>Adres : G\u00fclbahar Hatun GOP Bulvar\u0131 13.Sk. No:37 (TESOB Binas\u0131)<\/p><p>T R A B Z O N<br \/>1- Elektrik ve Radyocular Esnaf ve Sanat.Odas\u0131 \u0130smail USTA<\/p><p>Oda : 0462 321 92 28<\/p><p>Adres : Cumhuriyet Cad. Esnaf Saray\u0131 No:3\/5 Ortahisar<\/p><p>2- Elektronik\u00e7iler Esnaf ve Sanat.Odas\u0131 Mehmet YILMAZ<\/p><p>Oda : 0462 326 81 14<\/p><p>Adres : \u00c7ar\u015f\u0131 Mahal. Uzun Sk. Koloto\u011flu \u00c7ar\u015f\u0131s\u0131 K:5 D:105 Ortahisar<\/p><p>U \u015e A K<br \/>1- Elektrik Teknisyenleri Esnaf ve Sanat.Odas\u0131 _____Bekir AYDIN<\/p><p>Oda : 0276 223 11 55<\/p><p>Adres : Durak Mahal. Akbur Sk. Sara\u00e7 Apt. B Blok No:2 K:1 D:2<\/p><p>2- Elektronik Teknisyenleri Esnaf ve Sanat.Odas\u0131 Harun ASLAN<\/p><p>Oda : 0530 2780564<\/p><p>Adres : Ahmet Y\u0131lanc\u0131o\u011flu \u0130\u015fhan\u0131 No:110 K:1<\/p><p>Y O Z G AT<br \/>1- Elektrik-Elektronik-S\u0131hhi Tesisat\u00e7\u0131lar Esnaf ve Sanat.Odas\u0131 H\u00fcseyin G\u00dcVEN<\/p><p>Oda : 0354 217 33 53<\/p><p>Adres : Medrese Mah. K\u00fc\u00e7\u00fck Hamam Sk. Ay\u0131ntap Apt. No:4 K:1\u00a0 \u00a0 YOZGAT<\/p><p>Z O N G U L D A K<br \/>1- Elektrik\u00e7iler ve Radyocular Esnaf ve Sanat.Odas\u0131 \u0130brahim ART\u0130KAR<\/p><p>Oda : 0372 252 43 34<\/p><p>Adres : Me\u015frutiyet Mah. Nizam Cad. Emek \u0130\u015fhan\u0131 No:19 K:4<\/p><p>A K S A R A Y<br \/>1- Elektrik Teknisyenleri ve S\u0131hhi Tesisat.Esnaf ve Sanat.Odas\u0131 Hakan KULA<\/p><p>Oda : 0382 212 70 90<\/p><p>Adres : Ta\u015fpazar Mah. Bed\u00fc\u00fczzaman Bulvar\u0131 1413 Sk K:1 No:607<\/p><p>D \u00dc Z C E<br \/>1- Elektrik\u00e7iler Esnaf ve Sanat.Odas\u0131 Serhat GE\u00c7T\u0130M<br \/>Oda : 0380 523 16 64<\/p><p>Adres : \u015eerefiye Mah. Ustakarde\u015fler \u0130\u015fmerkezi A Blok D:14<\/p><p>K A R A B \u00dc K<br \/>1- Elektrik Ve Elektronik\u00e7iler Esnaf ve Sanatkarlar Odas\u0131 Yasin \u00d6Z\u00c7EL\u0130K<\/p><p>Oda : 0370 413 00 42<\/p><p>Adres : H\u00fcrriyet Mah. Akta\u015f Cad. Kat:3 No:17<\/p><p>K A R A M A N<br \/>1- Elektronik ve Elektrik\u00e7iler S\u0131hhi Tesisat.Esnaf ve Sanat.Odas\u0131 \u015euayip D\u0130K<\/p><p>Oda : 0338 212 53 62<\/p><p>Adres : Seki\u00e7e\u015fme Mah. Atat\u00fcrk Bulvar\u0131 No:82\/119-120 K:1<\/p><p>K \u0130 L \u0130 S<br \/>1- Elektrik Tesisat\u0131 Tamircileri Esnaf ve Sanat.Odas\u0131 Mehmet Turan \u00c7\u00dcR\u00dcK<\/p><p>Oda : 0348 814 07 78<\/p><p>Adres : \u00c7aylak Mah. \u015e\u0131h Ahmet Cad. No:39<\/p><p>O S M A N \u0130 Y E<\/p><p>1- Elektrik\u00e7i ve Elektronik\u00e7iler Esnaf ve Sanat.Odas\u0131 Mustafa YILDIRIM<\/p><p>Oda- : 0328 814 78 47<\/p><p>Adres : Rauf Bey Mah. Atat\u00fcrk Cad. 9572 Sk. No:4\u00a0 \u00a0OSMAN\u0130YE<\/p><p>Y A L O V A<br \/>1- Elektrik ve Elektronik Teknisyenleri Esnaf ve Sanat.Odas\u0131 Ahmet ORTAKO\u011eLU<\/p><p>Oda : 0226 812 42 87<br \/>Adres : S\u00fcleymanbey Mah. Cumhuriyet Cad. Karizma AVM K:3<\/p>\t\t\t\t\t\t<\/div>\n\t\t\t\t<\/div>\n\t\t\t\t\t<\/div>\n\t\t<\/div>\n\t\t\t\t\t\t\t<\/div>\n\t\t<\/section>\n\t\t\t\t\t\t\t<\/div>\n\t\t","protected":false},"excerpt":{"rendered":"<p>A D A N A 1- Elektrik Teknisyenleri Esnaf ve Sanat.Odas\u0131 Mehmet Selim G\u00d6K Oda : 0322 453 76 21 (22-23) Adres : Kurtulu\u015f Mahal. 64007 Sk. No:4 Seyhan 2- Tv ve Elektro.Cihaz.B.sayar \u0130leti\u015fim Ara\u00e7.Tamir.ve Malz. Sefa BARI\u015e Esnaf ve Sanat.Odas\u0131 Oda : 0322 365 04 29 Adres : Kocavezir Mahal. Esnaf Birli\u011fi E\u011fitim Saray\u0131 [&hellip;]<\/p>\n","protected":false},"author":1,"featured_media":0,"parent":0,"menu_order":0,"comment_status":"closed","ping_status":"closed","template":"","meta":{"footnotes":""},"class_list":["post-7760","page","type-page","status-publish","hentry"],"_links":{"self":[{"href":"https:\/\/www.tetesfed.org\/index.php\/wp-json\/wp\/v2\/pages\/7760","targetHints":{"allow":["GET"]}}],"collection":[{"href":"https:\/\/www.tetesfed.org\/index.php\/wp-json\/wp\/v2\/pages"}],"about":[{"href":"https:\/\/www.tetesfed.org\/index.php\/wp-json\/wp\/v2\/types\/page"}],"author":[{"embeddable":true,"href":"https:\/\/www.tetesfed.org\/index.php\/wp-json\/wp\/v2\/users\/1"}],"replies":[{"embeddable":true,"href":"https:\/\/www.tetesfed.org\/index.php\/wp-json\/wp\/v2\/comments?post=7760"}],"version-history":[{"count":7,"href":"https:\/\/www.tetesfed.org\/index.php\/wp-json\/wp\/v2\/pages\/7760\/revisions"}],"predecessor-version":[{"id":7920,"href":"https:\/\/www.tetesfed.org\/index.php\/wp-json\/wp\/v2\/pages\/7760\/revisions\/7920"}],"wp:attachment":[{"href":"https:\/\/www.tetesfed.org\/index.php\/wp-json\/wp\/v2\/media?parent=7760"}],"curies":[{"name":"wp","href":"https:\/\/api.w.org\/{rel}","templated":true}]}}